{"id":11879,"date":"2022-08-12T15:59:04","date_gmt":"2022-08-12T12:59:04","guid":{"rendered":"https:\/\/planet27.eu\/?page_id=11879"},"modified":"2024-07-13T14:13:07","modified_gmt":"2024-07-13T11:13:07","slug":"meeskond","status":"publish","type":"page","link":"https:\/\/www.planet27.eu\/?page_id=11879&lang=et","title":{"rendered":"Meeskond"},"content":{"rendered":"\t\t<div data-elementor-type=\"wp-page\" data-elementor-id=\"11879\" class=\"elementor elementor-11879\">\n\t\t\t\t\t\t<section class=\"elementor-section elementor-top-section elementor-element elementor-element-8e36bdf elementor-section-boxed elementor-section-height-default elementor-section-height-default\" data-id=\"8e36bdf\" data-element_type=\"section\">\n\t\t\t\t\t\t<div class=\"elementor-container elementor-column-gap-default\">\n\t\t\t\t\t<div class=\"elementor-column elementor-col-100 elementor-top-column elementor-element elementor-element-a7c891f\" data-id=\"a7c891f\" data-element_type=\"column\">\n\t\t\t<div class=\"elementor-widget-wrap elementor-element-populated\">\n\t\t\t\t\t\t<section class=\"elementor-section elementor-inner-section elementor-element elementor-element-84413b5 elementor-section-boxed elementor-section-height-default elementor-section-height-default\" data-id=\"84413b5\" data-element_type=\"section\">\n\t\t\t\t\t\t<div class=\"elementor-container elementor-column-gap-default\">\n\t\t\t\t\t<div class=\"elementor-column elementor-col-50 elementor-inner-column elementor-element elementor-element-b866665\" data-id=\"b866665\" data-element_type=\"column\">\n\t\t\t<div class=\"elementor-widget-wrap elementor-element-populated\">\n\t\t\t\t\t\t<div class=\"elementor-element elementor-element-726b8b4 elementor-widget elementor-widget-image\" data-id=\"726b8b4\" data-element_type=\"widget\" data-widget_type=\"image.default\">\n\t\t\t\t<div class=\"elementor-widget-container\">\n\t\t\t\t\t\t\t\t\t\t\t\t\t\t\t\t<a href=\"http:\/\/planet27.eu\/wp-content\/uploads\/2022\/08\/IMG_9776-1-928x1024-1.jpg\" data-elementor-open-lightbox=\"yes\" data-elementor-lightbox-title=\"IMG_9776-1-928x1024\" data-e-action-hash=\"#elementor-action%3Aaction%3Dlightbox%26settings%3DeyJpZCI6MTE4ODcsInVybCI6Imh0dHBzOlwvXC9wbGFuZXQyNy5ldVwvd3AtY29udGVudFwvdXBsb2Fkc1wvMjAyMlwvMDhcL0lNR185Nzc2LTEtOTI4eDEwMjQtMS5qcGcifQ%3D%3D\">\n\t\t\t\t\t\t\t<img fetchpriority=\"high\" decoding=\"async\" width=\"640\" height=\"706\" src=\"https:\/\/planet27.eu\/wp-content\/uploads\/2022\/08\/IMG_9776-1-928x1024-1.jpg\" class=\"attachment-large size-large wp-image-11887\" alt=\"\" srcset=\"http:\/\/planet27.eu\/wp-content\/uploads\/2022\/08\/IMG_9776-1-928x1024-1.jpg 928w, http:\/\/planet27.eu\/wp-content\/uploads\/2022\/08\/IMG_9776-1-928x1024-1-272x300.jpg 272w, http:\/\/planet27.eu\/wp-content\/uploads\/2022\/08\/IMG_9776-1-928x1024-1-768x847.jpg 768w, http:\/\/planet27.eu\/wp-content\/uploads\/2022\/08\/IMG_9776-1-928x1024-1-850x938.jpg 850w, http:\/\/planet27.eu\/wp-content\/uploads\/2022\/08\/IMG_9776-1-928x1024-1-480x530.jpg 480w, http:\/\/planet27.eu\/wp-content\/uploads\/2022\/08\/IMG_9776-1-928x1024-1-600x662.jpg 600w\" sizes=\"(max-width: 640px) 100vw, 640px\" data-wp-pid=\"11887\" \/>\t\t\t\t\t\t\t\t<\/a>\n\t\t\t\t\t\t\t\t\t\t\t\t\t\t\t<\/div>\n\t\t\t\t<\/div>\n\t\t\t\t\t<\/div>\n\t\t<\/div>\n\t\t\t\t<div class=\"elementor-column elementor-col-50 elementor-inner-column elementor-element elementor-element-c3dd467\" data-id=\"c3dd467\" data-element_type=\"column\">\n\t\t\t<div class=\"elementor-widget-wrap elementor-element-populated\">\n\t\t\t\t\t\t<div class=\"elementor-element elementor-element-eafc210 elementor-widget elementor-widget-text-editor\" data-id=\"eafc210\" data-element_type=\"widget\" data-widget_type=\"text-editor.default\">\n\t\t\t\t<div class=\"elementor-widget-container\">\n\t\t\t\t\t\t\t\t\t<h3>Svetlana Smirnova<\/h3><ul><li>MT\u00dc Planet 27 juhatuse liige<\/li><li>T\u00e4iskasvanute koolitaja 6. tase\u00a0<\/li><li>Muinasjututerapeut<\/li><li>Neurograafika spetsialist<\/li><li>Stressijuhtimise praktik<\/li><li>\u00a0Ps\u00fchholoog, Energiatreener<\/li><li>ART-spetsialist.\u00a0<\/li><li>T\u00f6\u00f6kogemus personalijuhina \u00fcle 6 aasta.<\/li><li>Rahvusvaheliste noorteprojektide ja lastelaagrite korraldaja (6. tase laagrijuht).<\/li><li>Noorte ettev\u00f5tjate mentor (IVEK mentorprogrammis)<\/li><li>TOP-juhtide kursuste koolitaja.<\/li><li>Maratonide, meistriklasside, loominguliste t\u00f6\u00f6tubade, avalike \u00fcrituste autor ja juht.<\/li><li>Ps\u00fchholoogilise couch-m\u00e4ngu &#8220;9 sammu&#8221; kaasautor<\/li><li>\u00a0\u201eStep forward to growth\u201c \u00f5ppemeetodite veebiressursi kaasautor<\/li><li>\u00a0Karj\u00e4\u00e4riarengu programmi \u201eTrampliin\u201c t\u00e4iskasvanutele kaasautor ja treener<\/li><li>Narva linna kultuuritegija 2021 \u201eKirjandus\u201c nominatsioonis\u00a0<\/li><\/ul>\t\t\t\t\t\t\t\t<\/div>\n\t\t\t\t<\/div>\n\t\t\t\t\t<\/div>\n\t\t<\/div>\n\t\t\t\t\t<\/div>\n\t\t<\/section>\n\t\t\t\t\t<\/div>\n\t\t<\/div>\n\t\t\t\t\t<\/div>\n\t\t<\/section>\n\t\t\t\t<section class=\"elementor-section elementor-top-section elementor-element elementor-element-e2c0d91 elementor-section-boxed elementor-section-height-default elementor-section-height-default\" data-id=\"e2c0d91\" data-element_type=\"section\">\n\t\t\t\t\t\t<div class=\"elementor-container elementor-column-gap-default\">\n\t\t\t\t\t<div class=\"elementor-column elementor-col-100 elementor-top-column elementor-element elementor-element-67e1e4a\" data-id=\"67e1e4a\" data-element_type=\"column\">\n\t\t\t<div class=\"elementor-widget-wrap elementor-element-populated\">\n\t\t\t\t\t\t<section class=\"elementor-section elementor-inner-section elementor-element elementor-element-af020a0 elementor-section-boxed elementor-section-height-default elementor-section-height-default\" data-id=\"af020a0\" data-element_type=\"section\">\n\t\t\t\t\t\t<div class=\"elementor-container elementor-column-gap-default\">\n\t\t\t\t\t<div class=\"elementor-column elementor-col-50 elementor-inner-column elementor-element elementor-element-91bf71e\" data-id=\"91bf71e\" data-element_type=\"column\">\n\t\t\t<div class=\"elementor-widget-wrap elementor-element-populated\">\n\t\t\t\t\t\t<div class=\"elementor-element elementor-element-a845361 elementor-widget elementor-widget-image\" data-id=\"a845361\" data-element_type=\"widget\" data-widget_type=\"image.default\">\n\t\t\t\t<div class=\"elementor-widget-container\">\n\t\t\t\t\t\t\t\t\t\t\t\t\t\t\t\t<a href=\"http:\/\/planet27.eu\/wp-content\/uploads\/2022\/08\/IMG_9767-873x1024-1.jpg\" data-elementor-open-lightbox=\"yes\" data-elementor-lightbox-title=\"IMG_9767-873x1024\" data-e-action-hash=\"#elementor-action%3Aaction%3Dlightbox%26settings%3DeyJpZCI6MTE4ODgsInVybCI6Imh0dHBzOlwvXC9wbGFuZXQyNy5ldVwvd3AtY29udGVudFwvdXBsb2Fkc1wvMjAyMlwvMDhcL0lNR185NzY3LTg3M3gxMDI0LTEuanBnIn0%3D\">\n\t\t\t\t\t\t\t<img decoding=\"async\" width=\"640\" height=\"751\" src=\"https:\/\/planet27.eu\/wp-content\/uploads\/2022\/08\/IMG_9767-873x1024-1.jpg\" class=\"attachment-large size-large wp-image-11888\" alt=\"\" srcset=\"http:\/\/planet27.eu\/wp-content\/uploads\/2022\/08\/IMG_9767-873x1024-1.jpg 873w, http:\/\/planet27.eu\/wp-content\/uploads\/2022\/08\/IMG_9767-873x1024-1-256x300.jpg 256w, http:\/\/planet27.eu\/wp-content\/uploads\/2022\/08\/IMG_9767-873x1024-1-768x901.jpg 768w, http:\/\/planet27.eu\/wp-content\/uploads\/2022\/08\/IMG_9767-873x1024-1-850x997.jpg 850w, http:\/\/planet27.eu\/wp-content\/uploads\/2022\/08\/IMG_9767-873x1024-1-480x563.jpg 480w, http:\/\/planet27.eu\/wp-content\/uploads\/2022\/08\/IMG_9767-873x1024-1-600x704.jpg 600w\" sizes=\"(max-width: 640px) 100vw, 640px\" data-wp-pid=\"11888\" \/>\t\t\t\t\t\t\t\t<\/a>\n\t\t\t\t\t\t\t\t\t\t\t\t\t\t\t<\/div>\n\t\t\t\t<\/div>\n\t\t\t\t\t<\/div>\n\t\t<\/div>\n\t\t\t\t<div class=\"elementor-column elementor-col-50 elementor-inner-column elementor-element elementor-element-68616b9\" data-id=\"68616b9\" data-element_type=\"column\">\n\t\t\t<div class=\"elementor-widget-wrap elementor-element-populated\">\n\t\t\t\t\t\t<div class=\"elementor-element elementor-element-ae00ac4 elementor-widget elementor-widget-text-editor\" data-id=\"ae00ac4\" data-element_type=\"widget\" data-widget_type=\"text-editor.default\">\n\t\t\t\t<div class=\"elementor-widget-container\">\n\t\t\t\t\t\t\t\t\t<h3>Aleksei Serov<\/h3>\n<ul>\n<li>MT\u00dc Planet 27 juhatuse liige<\/li>\n<li>Lastekirjanik<\/li>\n<li>T\u00e4iskasvanute koolitaja 6. tase&nbsp;<\/li>\n<li>Rahvusvaheliste noorteprojektide ja lastelaagrite korraldaja, Norsot\u00f6\u00f6taja 6. tase.<\/li>\n<li>Loovustreener<\/li>\n<li>Video \u2013 ja fotograaf<\/li>\n<li>Veebidisainer<\/li>\n<li>Ajakirjanik&nbsp; AS Postimees Grupp<\/li>\n<li>Filmiprojekti Meie Narva erinevatest vaatenurkadest autor<\/li>\n<li>&#8220;Train Your Brain&#8221; arenduslaua ja&nbsp; online-m\u00e4ngu autor<\/li>\n<li>Narva linna kultuuritegija 2023 \u201eKirjandus\u201c nominatsioonis<\/li>\n<\/ul>\t\t\t\t\t\t\t\t<\/div>\n\t\t\t\t<\/div>\n\t\t\t\t\t<\/div>\n\t\t<\/div>\n\t\t\t\t\t<\/div>\n\t\t<\/section>\n\t\t\t\t\t<\/div>\n\t\t<\/div>\n\t\t\t\t\t<\/div>\n\t\t<\/section>\n\t\t\t\t<section class=\"elementor-section elementor-top-section elementor-element elementor-element-dfc9530 elementor-section-boxed elementor-section-height-default elementor-section-height-default\" data-id=\"dfc9530\" data-element_type=\"section\">\n\t\t\t\t\t\t<div class=\"elementor-container elementor-column-gap-default\">\n\t\t\t\t\t<div class=\"elementor-column elementor-col-100 elementor-top-column elementor-element elementor-element-49e0136\" data-id=\"49e0136\" data-element_type=\"column\">\n\t\t\t<div class=\"elementor-widget-wrap elementor-element-populated\">\n\t\t\t\t\t\t<section class=\"elementor-section elementor-inner-section elementor-element elementor-element-759a77c elementor-section-boxed elementor-section-height-default elementor-section-height-default\" data-id=\"759a77c\" data-element_type=\"section\">\n\t\t\t\t\t\t<div class=\"elementor-container elementor-column-gap-default\">\n\t\t\t\t\t<div class=\"elementor-column elementor-col-50 elementor-inner-column elementor-element elementor-element-145df45\" data-id=\"145df45\" data-element_type=\"column\">\n\t\t\t<div class=\"elementor-widget-wrap elementor-element-populated\">\n\t\t\t\t\t\t<div class=\"elementor-element elementor-element-9e2123f elementor-widget elementor-widget-image\" data-id=\"9e2123f\" data-element_type=\"widget\" data-widget_type=\"image.default\">\n\t\t\t\t<div class=\"elementor-widget-container\">\n\t\t\t\t\t\t\t\t\t\t\t\t\t\t\t\t<a href=\"http:\/\/planet27.eu\/wp-content\/uploads\/2022\/09\/IMG_9782-1.jpg\" data-elementor-open-lightbox=\"yes\" data-elementor-lightbox-title=\"IMG_9782-1\" data-e-action-hash=\"#elementor-action%3Aaction%3Dlightbox%26settings%3DeyJpZCI6MTIxNjEsInVybCI6Imh0dHBzOlwvXC9wbGFuZXQyNy5ldVwvd3AtY29udGVudFwvdXBsb2Fkc1wvMjAyMlwvMDlcL0lNR185NzgyLTEuanBnIn0%3D\">\n\t\t\t\t\t\t\t<img decoding=\"async\" width=\"640\" height=\"741\" src=\"https:\/\/planet27.eu\/wp-content\/uploads\/2022\/09\/IMG_9782-1-885x1024.jpg\" class=\"attachment-large size-large wp-image-12161\" alt=\"\" srcset=\"http:\/\/planet27.eu\/wp-content\/uploads\/2022\/09\/IMG_9782-1-885x1024.jpg 885w, http:\/\/planet27.eu\/wp-content\/uploads\/2022\/09\/IMG_9782-1-259x300.jpg 259w, http:\/\/planet27.eu\/wp-content\/uploads\/2022\/09\/IMG_9782-1-768x889.jpg 768w, http:\/\/planet27.eu\/wp-content\/uploads\/2022\/09\/IMG_9782-1-600x694.jpg 600w, http:\/\/planet27.eu\/wp-content\/uploads\/2022\/09\/IMG_9782-1.jpg 953w\" sizes=\"(max-width: 640px) 100vw, 640px\" data-wp-pid=\"12161\" \/>\t\t\t\t\t\t\t\t<\/a>\n\t\t\t\t\t\t\t\t\t\t\t\t\t\t\t<\/div>\n\t\t\t\t<\/div>\n\t\t\t\t\t<\/div>\n\t\t<\/div>\n\t\t\t\t<div class=\"elementor-column elementor-col-50 elementor-inner-column elementor-element elementor-element-0c1e450\" data-id=\"0c1e450\" data-element_type=\"column\">\n\t\t\t<div class=\"elementor-widget-wrap elementor-element-populated\">\n\t\t\t\t\t\t<div class=\"elementor-element elementor-element-5c745b9 elementor-widget elementor-widget-text-editor\" data-id=\"5c745b9\" data-element_type=\"widget\" data-widget_type=\"text-editor.default\">\n\t\t\t\t<div class=\"elementor-widget-container\">\n\t\t\t\t\t\t\t\t\t<h3>Olga Volkova<\/h3><ul><li>T\u00e4iskasvanute koolitaja 6. tase\u00a0<\/li><li>\u00a0Karj\u00e4\u00e4rikonsultant ja karj\u00e4\u00e4ri arendamise programmide koolitaja.<\/li><li>Utsesunnitluse spetsialist,<\/li><li>Karj\u00e4\u00e4ritreener ja ps\u00fchholoog<\/li><li>Talenditreener<\/li><li>HR &amp; Coordinator of BS Narva Competence Development Center Fortaco Estonia O\u00dc,<\/li><li>\u201eStep forward to growth\u201c \u00f5ppemeetodite veebiressursi kaasautor<\/li><li>Karj\u00e4\u00e4riarengu programmi Trampliin<\/li><li>T\u00e4iskasvanutele kaasautor ja treener<\/li><li>Noorsot\u00f6\u00f6taja\u00a0<\/li><\/ul>\t\t\t\t\t\t\t\t<\/div>\n\t\t\t\t<\/div>\n\t\t\t\t\t<\/div>\n\t\t<\/div>\n\t\t\t\t\t<\/div>\n\t\t<\/section>\n\t\t\t\t\t<\/div>\n\t\t<\/div>\n\t\t\t\t\t<\/div>\n\t\t<\/section>\n\t\t\t\t<section class=\"elementor-section elementor-top-section elementor-element elementor-element-65329df elementor-section-boxed elementor-section-height-default elementor-section-height-default\" data-id=\"65329df\" data-element_type=\"section\">\n\t\t\t\t\t\t<div class=\"elementor-container elementor-column-gap-default\">\n\t\t\t\t\t<div class=\"elementor-column elementor-col-100 elementor-top-column elementor-element elementor-element-37158e4\" data-id=\"37158e4\" data-element_type=\"column\">\n\t\t\t<div class=\"elementor-widget-wrap elementor-element-populated\">\n\t\t\t\t\t\t<section class=\"elementor-section elementor-inner-section elementor-element elementor-element-91d818d elementor-section-boxed elementor-section-height-default elementor-section-height-default\" data-id=\"91d818d\" data-element_type=\"section\">\n\t\t\t\t\t\t<div class=\"elementor-container elementor-column-gap-default\">\n\t\t\t\t\t<div class=\"elementor-column elementor-col-50 elementor-inner-column elementor-element elementor-element-d1e07f7\" data-id=\"d1e07f7\" data-element_type=\"column\">\n\t\t\t<div class=\"elementor-widget-wrap elementor-element-populated\">\n\t\t\t\t\t\t<div class=\"elementor-element elementor-element-907959a elementor-widget elementor-widget-image\" data-id=\"907959a\" data-element_type=\"widget\" data-widget_type=\"image.default\">\n\t\t\t\t<div class=\"elementor-widget-container\">\n\t\t\t\t\t\t\t\t\t\t\t\t\t\t\t\t<a href=\"http:\/\/www.planet27.eu\/wp-content\/uploads\/2022\/09\/qdfwef-1.jpg\" data-elementor-open-lightbox=\"yes\" data-elementor-lightbox-title=\"qdfwef\" data-e-action-hash=\"#elementor-action%3Aaction%3Dlightbox%26settings%3DeyJpZCI6MTIxNzQsInVybCI6Imh0dHBzOlwvXC9wbGFuZXQyNy5ldVwvd3AtY29udGVudFwvdXBsb2Fkc1wvMjAyMlwvMDlcL3FkZndlZi0xLmpwZyJ9\">\n\t\t\t\t\t\t\t<img loading=\"lazy\" decoding=\"async\" width=\"640\" height=\"760\" src=\"https:\/\/planet27.eu\/wp-content\/uploads\/2022\/09\/qdfwef-1-862x1024.jpg\" class=\"attachment-large size-large wp-image-12174\" alt=\"\" srcset=\"http:\/\/planet27.eu\/wp-content\/uploads\/2022\/09\/qdfwef-1-862x1024.jpg 862w, http:\/\/planet27.eu\/wp-content\/uploads\/2022\/09\/qdfwef-1-253x300.jpg 253w, http:\/\/planet27.eu\/wp-content\/uploads\/2022\/09\/qdfwef-1-768x912.jpg 768w, http:\/\/planet27.eu\/wp-content\/uploads\/2022\/09\/qdfwef-1-1293x1536.jpg 1293w, http:\/\/planet27.eu\/wp-content\/uploads\/2022\/09\/qdfwef-1-1724x2048.jpg 1724w, http:\/\/planet27.eu\/wp-content\/uploads\/2022\/09\/qdfwef-1-600x713.jpg 600w, http:\/\/planet27.eu\/wp-content\/uploads\/2022\/09\/qdfwef-1.jpg 1967w\" sizes=\"(max-width: 640px) 100vw, 640px\" data-wp-pid=\"12174\" \/>\t\t\t\t\t\t\t\t<\/a>\n\t\t\t\t\t\t\t\t\t\t\t\t\t\t\t<\/div>\n\t\t\t\t<\/div>\n\t\t\t\t\t<\/div>\n\t\t<\/div>\n\t\t\t\t<div class=\"elementor-column elementor-col-50 elementor-inner-column elementor-element elementor-element-a27037c\" data-id=\"a27037c\" data-element_type=\"column\">\n\t\t\t<div class=\"elementor-widget-wrap elementor-element-populated\">\n\t\t\t\t\t\t<div class=\"elementor-element elementor-element-68cb0cb elementor-widget elementor-widget-text-editor\" data-id=\"68cb0cb\" data-element_type=\"widget\" data-widget_type=\"text-editor.default\">\n\t\t\t\t<div class=\"elementor-widget-container\">\n\t\t\t\t\t\t\t\t\t<h3>Vladimir Suhhorukov<\/h3><ul><li>Vebidisainer, veebiarendaja<\/li><li>Tarkvarainsener<\/li><li>\u00d5ppeplatvormiarendaja<\/li><li>Omab Tartu \u00dclikooli diplomi infos\u00fcsteemide arenduse alal (development of information systems). Vladimiril on 5 aastat programmeerimiskogemust. T\u00f6\u00f6tab tarkvarainsenerina. Erivajadustega inimene (raske n\u00e4gemispuue).<\/li><\/ul>\t\t\t\t\t\t\t\t<\/div>\n\t\t\t\t<\/div>\n\t\t\t\t\t<\/div>\n\t\t<\/div>\n\t\t\t\t\t<\/div>\n\t\t<\/section>\n\t\t\t\t<section class=\"elementor-section elementor-inner-section elementor-element elementor-element-3b4d2b2 elementor-section-boxed elementor-section-height-default elementor-section-height-default\" data-id=\"3b4d2b2\" data-element_type=\"section\">\n\t\t\t\t\t\t<div class=\"elementor-container elementor-column-gap-default\">\n\t\t\t\t\t<div class=\"elementor-column elementor-col-50 elementor-inner-column elementor-element elementor-element-9b7fe8d\" data-id=\"9b7fe8d\" data-element_type=\"column\">\n\t\t\t<div class=\"elementor-widget-wrap elementor-element-populated\">\n\t\t\t\t\t\t<div class=\"elementor-element elementor-element-5019a5e elementor-widget elementor-widget-image\" data-id=\"5019a5e\" data-element_type=\"widget\" data-widget_type=\"image.default\">\n\t\t\t\t<div class=\"elementor-widget-container\">\n\t\t\t\t\t\t\t\t\t\t\t\t\t\t\t\t<a href=\"http:\/\/planet27.eu\/wp-content\/uploads\/2022\/09\/306464855_521078956446850_5343464231108837645_n-1.jpg\" data-elementor-open-lightbox=\"yes\" data-elementor-lightbox-title=\"306464855_521078956446850_5343464231108837645_n\" data-e-action-hash=\"#elementor-action%3Aaction%3Dlightbox%26settings%3DeyJpZCI6MTIyNDcsInVybCI6Imh0dHBzOlwvXC9wbGFuZXQyNy5ldVwvd3AtY29udGVudFwvdXBsb2Fkc1wvMjAyMlwvMDlcLzMwNjQ2NDg1NV81MjEwNzg5NTY0NDY4NTBfNTM0MzQ2NDIzMTEwODgzNzY0NV9uLTEuanBnIn0%3D\">\n\t\t\t\t\t\t\t<img loading=\"lazy\" decoding=\"async\" width=\"640\" height=\"762\" src=\"https:\/\/planet27.eu\/wp-content\/uploads\/2022\/09\/306464855_521078956446850_5343464231108837645_n-1-860x1024.jpg\" class=\"attachment-large size-large wp-image-12247\" alt=\"\" srcset=\"http:\/\/planet27.eu\/wp-content\/uploads\/2022\/09\/306464855_521078956446850_5343464231108837645_n-1-860x1024.jpg 860w, http:\/\/planet27.eu\/wp-content\/uploads\/2022\/09\/306464855_521078956446850_5343464231108837645_n-1-252x300.jpg 252w, http:\/\/planet27.eu\/wp-content\/uploads\/2022\/09\/306464855_521078956446850_5343464231108837645_n-1-768x914.jpg 768w, http:\/\/planet27.eu\/wp-content\/uploads\/2022\/09\/306464855_521078956446850_5343464231108837645_n-1-1290x1536.jpg 1290w, http:\/\/planet27.eu\/wp-content\/uploads\/2022\/09\/306464855_521078956446850_5343464231108837645_n-1-600x714.jpg 600w, http:\/\/planet27.eu\/wp-content\/uploads\/2022\/09\/306464855_521078956446850_5343464231108837645_n-1.jpg 1720w\" sizes=\"(max-width: 640px) 100vw, 640px\" data-wp-pid=\"12247\" \/>\t\t\t\t\t\t\t\t<\/a>\n\t\t\t\t\t\t\t\t\t\t\t\t\t\t\t<\/div>\n\t\t\t\t<\/div>\n\t\t\t\t\t<\/div>\n\t\t<\/div>\n\t\t\t\t<div class=\"elementor-column elementor-col-50 elementor-inner-column elementor-element elementor-element-dc2ad02\" data-id=\"dc2ad02\" data-element_type=\"column\">\n\t\t\t<div class=\"elementor-widget-wrap elementor-element-populated\">\n\t\t\t\t\t\t<div class=\"elementor-element elementor-element-3da69f6 elementor-widget elementor-widget-text-editor\" data-id=\"3da69f6\" data-element_type=\"widget\" data-widget_type=\"text-editor.default\">\n\t\t\t\t<div class=\"elementor-widget-container\">\n\t\t\t\t\t\t\t\t\t<h3>Jelena Skvortsova<\/h3><ul><li>Sotsiaalteaduste magister<\/li><li>Pedagoog<\/li><li>Eesti keele \u00f5petaja \u00a0keelek\u00fcmblusr\u00fchmas<\/li><li>Narva lasteaedade eesti keele kui teise keele \u00f5petajate metoodilise \u00fchingu juhendaja. Lastega t\u00f6\u00f6 kogemus on \u00fcle 20 aasta.<\/li><\/ul>\t\t\t\t\t\t\t\t<\/div>\n\t\t\t\t<\/div>\n\t\t\t\t\t<\/div>\n\t\t<\/div>\n\t\t\t\t\t<\/div>\n\t\t<\/section>\n\t\t\t\t\t<\/div>\n\t\t<\/div>\n\t\t\t\t\t<\/div>\n\t\t<\/section>\n\t\t\t\t<\/div>\n\t\t","protected":false},"excerpt":{"rendered":"<p>Svetlana Smirnova MT\u00dc Planet 27 juhatuse liige T\u00e4iskasvanute koolitaja 6. tase\u00a0 Muinasjututerapeut Neurograafika spetsialist Stressijuhtimise praktik \u00a0Ps\u00fchholoog, Energiatreener ART-spetsialist.\u00a0 T\u00f6\u00f6kogemus personalijuhina \u00fcle 6 aasta. Rahvusvaheliste noorteprojektide ja lastelaagrite korraldaja (6. tase laagrijuht). Noorte ettev\u00f5tjate mentor (IVEK mentorprogrammis) TOP-juhtide kursuste koolitaja. Maratonide, meistriklasside, loominguliste t\u00f6\u00f6tubade, avalike \u00fcrituste autor ja juht. Ps\u00fchholoogilise couch-m\u00e4ngu &#8220;9 sammu&#8221; kaasautor \u00a0\u201eStep&#8230;<\/p>\n","protected":false},"author":1,"featured_media":0,"parent":11806,"menu_order":1,"comment_status":"closed","ping_status":"closed","template":"","meta":{"ngg_post_thumbnail":0,"footnotes":""},"_links":{"self":[{"href":"https:\/\/www.planet27.eu\/index.php?rest_route=\/wp\/v2\/pages\/11879"}],"collection":[{"href":"https:\/\/www.planet27.eu\/index.php?rest_route=\/wp\/v2\/pages"}],"about":[{"href":"https:\/\/www.planet27.eu\/index.php?rest_route=\/wp\/v2\/types\/page"}],"author":[{"embeddable":true,"href":"https:\/\/www.planet27.eu\/index.php?rest_route=\/wp\/v2\/users\/1"}],"replies":[{"embeddable":true,"href":"https:\/\/www.planet27.eu\/index.php?rest_route=%2Fwp%2Fv2%2Fcomments&post=11879"}],"version-history":[{"count":5,"href":"https:\/\/www.planet27.eu\/index.php?rest_route=\/wp\/v2\/pages\/11879\/revisions"}],"predecessor-version":[{"id":12799,"href":"https:\/\/www.planet27.eu\/index.php?rest_route=\/wp\/v2\/pages\/11879\/revisions\/12799"}],"up":[{"embeddable":true,"href":"https:\/\/www.planet27.eu\/index.php?rest_route=\/wp\/v2\/pages\/11806"}],"wp:attachment":[{"href":"https:\/\/www.planet27.eu\/index.php?rest_route=%2Fwp%2Fv2%2Fmedia&parent=11879"}],"curies":[{"name":"wp","href":"https:\/\/api.w.org\/{rel}","templated":true}]}}