{"id":12031,"date":"2022-08-19T08:29:29","date_gmt":"2022-08-19T05:29:29","guid":{"rendered":"https:\/\/planet27.eu\/?page_id=12031"},"modified":"2024-07-12T20:39:17","modified_gmt":"2024-07-12T17:39:17","slug":"sound-of-culture","status":"publish","type":"page","link":"https:\/\/www.planet27.eu\/?page_id=12031&lang=et","title":{"rendered":"Sound of Culture"},"content":{"rendered":"\t\t<div data-elementor-type=\"wp-page\" data-elementor-id=\"12031\" class=\"elementor elementor-12031\">\n\t\t\t\t\t\t<section class=\"elementor-section elementor-top-section elementor-element elementor-element-c8d099a elementor-section-boxed elementor-section-height-default elementor-section-height-default\" data-id=\"c8d099a\" data-element_type=\"section\">\n\t\t\t\t\t\t<div class=\"elementor-container elementor-column-gap-default\">\n\t\t\t\t\t<div class=\"elementor-column elementor-col-100 elementor-top-column elementor-element elementor-element-2f29b08\" data-id=\"2f29b08\" data-element_type=\"column\">\n\t\t\t<div class=\"elementor-widget-wrap elementor-element-populated\">\n\t\t\t\t\t\t<div class=\"elementor-element elementor-element-92eda34 elementor-widget elementor-widget-image\" data-id=\"92eda34\" data-element_type=\"widget\" data-widget_type=\"image.default\">\n\t\t\t\t<div class=\"elementor-widget-container\">\n\t\t\t\t\t\t\t\t\t\t\t\t\t\t\t<img fetchpriority=\"high\" decoding=\"async\" width=\"640\" height=\"360\" src=\"https:\/\/planet27.eu\/wp-content\/uploads\/2018\/07\/2018-07-23-12-49-24000110-1024x576.jpg\" class=\"attachment-large size-large wp-image-4638\" alt=\"\" srcset=\"http:\/\/planet27.eu\/wp-content\/uploads\/2018\/07\/2018-07-23-12-49-24000110-1024x576.jpg 1024w, http:\/\/planet27.eu\/wp-content\/uploads\/2018\/07\/2018-07-23-12-49-24000110-600x338.jpg 600w, http:\/\/planet27.eu\/wp-content\/uploads\/2018\/07\/2018-07-23-12-49-24000110-300x169.jpg 300w, http:\/\/planet27.eu\/wp-content\/uploads\/2018\/07\/2018-07-23-12-49-24000110-768x432.jpg 768w, http:\/\/planet27.eu\/wp-content\/uploads\/2018\/07\/2018-07-23-12-49-24000110-1200x675-cropped.jpg 1200w, http:\/\/planet27.eu\/wp-content\/uploads\/2018\/07\/2018-07-23-12-49-24000110-850x478.jpg 850w, http:\/\/planet27.eu\/wp-content\/uploads\/2018\/07\/2018-07-23-12-49-24000110-480x270.jpg 480w, http:\/\/planet27.eu\/wp-content\/uploads\/2018\/07\/2018-07-23-12-49-24000110-800x450.jpg 800w, http:\/\/planet27.eu\/wp-content\/uploads\/2018\/07\/2018-07-23-12-49-24000110.jpg 1920w\" sizes=\"(max-width: 640px) 100vw, 640px\" data-wp-pid=\"4638\" \/>\t\t\t\t\t\t\t\t\t\t\t\t\t\t\t<\/div>\n\t\t\t\t<\/div>\n\t\t\t\t<div class=\"elementor-element elementor-element-d1c0495 elementor-widget elementor-widget-text-editor\" data-id=\"d1c0495\" data-element_type=\"widget\" data-widget_type=\"text-editor.default\">\n\t\t\t\t<div class=\"elementor-widget-container\">\n\t\t\t\t\t\t\t\t\t<p>Noortevahetus \u2013 kultuuri helid<\/p><p>Reisi korraldas Narva mittetulundus\u00fching Planet27 ja rahastas Euroopa Erasmus+ Sihtasutus.<\/p><p>Tegemist oli noortevahetusega, mille osalejad Eestist olid Narva ja Kohtla-J\u00e4rve noored poisid, kes k\u00e4isid Gruusias eakaaslastega kohtumas. Moodustati kaasav r\u00fchm, kuhu kuulusid erivajadustega noored.<\/p><p>Reisi programm oli rikkalik. Elasime Thbilisi l\u00e4hedal Rustavi linnas, suvises skaudilaagris. Samuti viidi seal l\u00e4bi koolitusi, suheldi, arutati erinevaid ideid ja lihtsalt puhkati. Huvitav ja kasulik kogemus oli avaliku arvamuse k\u00fcsitluse l\u00e4biviimine. Poisid koostasid koos k\u00fcsimused, jagunesid nelja segar\u00fchma ja leidsid vastajad. K\u00fcsitluse eesm\u00e4rk oli teada saada, mida rustavilased teavad erivajadustega inimestest ja nende probleemidest ning noortest projektid. Tuli tagasi ja tegi raporti. See ei olnud v\u00e4ga positiivne ja n\u00e4itas, et noorem p\u00f5lvkond tunneb nendest k\u00fcsimustest veidi rohkem huvi ja m\u00f5istab probleeme, millega puuetega inimesed igap\u00e4evaelus kokku puutuvad, samas kui vanemaealisi huvitab see teema palju v\u00e4hem ja kuidas sellised inimesed elavad. oma raskustega. See oli t\u00e4iesti iseseisev loovt\u00f6\u00f6, igale projektis osalejale v\u00e4ga kasulik.<\/p>\t\t\t\t\t\t\t\t<\/div>\n\t\t\t\t<\/div>\n\t\t\t\t\t<\/div>\n\t\t<\/div>\n\t\t\t\t\t<\/div>\n\t\t<\/section>\n\t\t\t\t<\/div>\n\t\t","protected":false},"excerpt":{"rendered":"<p>Noortevahetus \u2013 kultuuri helid Reisi korraldas Narva mittetulundus\u00fching Planet27 ja rahastas Euroopa Erasmus+ Sihtasutus. Tegemist oli noortevahetusega, mille osalejad Eestist olid Narva ja Kohtla-J\u00e4rve noored poisid, kes k\u00e4isid Gruusias eakaaslastega kohtumas. Moodustati kaasav r\u00fchm, kuhu kuulusid erivajadustega noored. Reisi programm oli rikkalik. Elasime Thbilisi l\u00e4hedal Rustavi linnas, suvises skaudilaagris. Samuti viidi seal l\u00e4bi koolitusi, suheldi,&#8230;<\/p>\n","protected":false},"author":1,"featured_media":0,"parent":12471,"menu_order":3,"comment_status":"closed","ping_status":"closed","template":"","meta":{"ngg_post_thumbnail":0,"footnotes":""},"_links":{"self":[{"href":"https:\/\/www.planet27.eu\/index.php?rest_route=\/wp\/v2\/pages\/12031"}],"collection":[{"href":"https:\/\/www.planet27.eu\/index.php?rest_route=\/wp\/v2\/pages"}],"about":[{"href":"https:\/\/www.planet27.eu\/index.php?rest_route=\/wp\/v2\/types\/page"}],"author":[{"embeddable":true,"href":"https:\/\/www.planet27.eu\/index.php?rest_route=\/wp\/v2\/users\/1"}],"replies":[{"embeddable":true,"href":"https:\/\/www.planet27.eu\/index.php?rest_route=%2Fwp%2Fv2%2Fcomments&post=12031"}],"version-history":[{"count":5,"href":"https:\/\/www.planet27.eu\/index.php?rest_route=\/wp\/v2\/pages\/12031\/revisions"}],"predecessor-version":[{"id":12475,"href":"https:\/\/www.planet27.eu\/index.php?rest_route=\/wp\/v2\/pages\/12031\/revisions\/12475"}],"up":[{"embeddable":true,"href":"https:\/\/www.planet27.eu\/index.php?rest_route=\/wp\/v2\/pages\/12471"}],"wp:attachment":[{"href":"https:\/\/www.planet27.eu\/index.php?rest_route=%2Fwp%2Fv2%2Fmedia&parent=12031"}],"curies":[{"name":"wp","href":"https:\/\/api.w.org\/{rel}","templated":true}]}}