{"id":12464,"date":"2024-07-12T20:30:47","date_gmt":"2024-07-12T17:30:47","guid":{"rendered":"https:\/\/www.planet27.eu\/?page_id=12464"},"modified":"2024-07-12T20:38:27","modified_gmt":"2024-07-12T17:38:27","slug":"green-one","status":"publish","type":"page","link":"https:\/\/www.planet27.eu\/?page_id=12464&lang=et","title":{"rendered":"Green One"},"content":{"rendered":"\t\t<div data-elementor-type=\"wp-page\" data-elementor-id=\"12464\" class=\"elementor elementor-12464\">\n\t\t\t\t\t\t<section class=\"elementor-section elementor-top-section elementor-element elementor-element-fc07a95 elementor-section-boxed elementor-section-height-default elementor-section-height-default\" data-id=\"fc07a95\" data-element_type=\"section\">\n\t\t\t\t\t\t<div class=\"elementor-container elementor-column-gap-default\">\n\t\t\t\t\t<div class=\"elementor-column elementor-col-100 elementor-top-column elementor-element elementor-element-09042c9\" data-id=\"09042c9\" data-element_type=\"column\">\n\t\t\t<div class=\"elementor-widget-wrap elementor-element-populated\">\n\t\t\t\t\t\t<div class=\"elementor-element elementor-element-cc0e08f elementor-widget elementor-widget-image\" data-id=\"cc0e08f\" data-element_type=\"widget\" data-widget_type=\"image.default\">\n\t\t\t\t<div class=\"elementor-widget-container\">\n\t\t\t\t\t\t\t\t\t\t\t\t\t\t\t<img fetchpriority=\"high\" decoding=\"async\" width=\"640\" height=\"480\" src=\"https:\/\/www.planet27.eu\/wp-content\/uploads\/2021\/10\/IMG_20211008_102657-1024x768.jpg\" class=\"attachment-large size-large wp-image-11863\" alt=\"\" srcset=\"https:\/\/www.planet27.eu\/wp-content\/uploads\/2021\/10\/IMG_20211008_102657-1024x768.jpg 1024w, https:\/\/www.planet27.eu\/wp-content\/uploads\/2021\/10\/IMG_20211008_102657-300x225.jpg 300w, https:\/\/www.planet27.eu\/wp-content\/uploads\/2021\/10\/IMG_20211008_102657-768x576.jpg 768w, https:\/\/www.planet27.eu\/wp-content\/uploads\/2021\/10\/IMG_20211008_102657-1536x1152.jpg 1536w, https:\/\/www.planet27.eu\/wp-content\/uploads\/2021\/10\/IMG_20211008_102657-2048x1536.jpg 2048w, https:\/\/www.planet27.eu\/wp-content\/uploads\/2021\/10\/IMG_20211008_102657-1200x900.jpg 1200w, https:\/\/www.planet27.eu\/wp-content\/uploads\/2021\/10\/IMG_20211008_102657-850x638.jpg 850w, https:\/\/www.planet27.eu\/wp-content\/uploads\/2021\/10\/IMG_20211008_102657-480x360.jpg 480w, https:\/\/www.planet27.eu\/wp-content\/uploads\/2021\/10\/IMG_20211008_102657-600x450.jpg 600w\" sizes=\"(max-width: 640px) 100vw, 640px\" data-wp-pid=\"11863\" \/>\t\t\t\t\t\t\t\t\t\t\t\t\t\t\t<\/div>\n\t\t\t\t<\/div>\n\t\t\t\t<div class=\"elementor-element elementor-element-29cdedf elementor-widget elementor-widget-text-editor\" data-id=\"29cdedf\" data-element_type=\"widget\" data-widget_type=\"text-editor.default\">\n\t\t\t\t<div class=\"elementor-widget-container\">\n\t\t\t\t\t\t\t\t\t<p>Projekti eesm\u00e4rgid:\u00a0\u2013 edendada tervislikku suhtumist ja k\u00e4itumist keskkonda\u00a0\u2013 edendada j\u00e4\u00e4tmevaldkonnas aktiivsete inimeste kaasamist\u00a0\u2013 3R-i ettevalmistamist (j\u00e4\u00e4tmete kasutamine, taaskasutamine, taaskasutamine) ja \u00fcleminekut 9R-le \u2013 alternatiivne haridus keskkonnateemadel<\/p><p>Korraldaja: Asocia\u021bia Preocupa\u021bi de Viitor (Rumeenia)<\/p><p>Partnerorganisatsioonid:\u00a0\u00a0 Eesti, L\u00e4ti, Saksamaa, Bulgaaria, T\u00fcrgi<\/p>\t\t\t\t\t\t\t\t<\/div>\n\t\t\t\t<\/div>\n\t\t\t\t\t<\/div>\n\t\t<\/div>\n\t\t\t\t\t<\/div>\n\t\t<\/section>\n\t\t\t\t<\/div>\n\t\t","protected":false},"excerpt":{"rendered":"<p>Projekti eesm\u00e4rgid:\u00a0\u2013 edendada tervislikku suhtumist ja k\u00e4itumist keskkonda\u00a0\u2013 edendada j\u00e4\u00e4tmevaldkonnas aktiivsete inimeste kaasamist\u00a0\u2013 3R-i ettevalmistamist (j\u00e4\u00e4tmete kasutamine, taaskasutamine, taaskasutamine) ja \u00fcleminekut 9R-le \u2013 alternatiivne haridus keskkonnateemadel Korraldaja: Asocia\u021bia Preocupa\u021bi de Viitor (Rumeenia) Partnerorganisatsioonid:\u00a0\u00a0 Eesti, L\u00e4ti, Saksamaa, Bulgaaria, T\u00fcrgi<\/p>\n","protected":false},"author":1,"featured_media":0,"parent":12471,"menu_order":1,"comment_status":"closed","ping_status":"closed","template":"","meta":{"ngg_post_thumbnail":0,"footnotes":""},"_links":{"self":[{"href":"https:\/\/www.planet27.eu\/index.php?rest_route=\/wp\/v2\/pages\/12464"}],"collection":[{"href":"https:\/\/www.planet27.eu\/index.php?rest_route=\/wp\/v2\/pages"}],"about":[{"href":"https:\/\/www.planet27.eu\/index.php?rest_route=\/wp\/v2\/types\/page"}],"author":[{"embeddable":true,"href":"https:\/\/www.planet27.eu\/index.php?rest_route=\/wp\/v2\/users\/1"}],"replies":[{"embeddable":true,"href":"https:\/\/www.planet27.eu\/index.php?rest_route=%2Fwp%2Fv2%2Fcomments&post=12464"}],"version-history":[{"count":5,"href":"https:\/\/www.planet27.eu\/index.php?rest_route=\/wp\/v2\/pages\/12464\/revisions"}],"predecessor-version":[{"id":12469,"href":"https:\/\/www.planet27.eu\/index.php?rest_route=\/wp\/v2\/pages\/12464\/revisions\/12469"}],"up":[{"embeddable":true,"href":"https:\/\/www.planet27.eu\/index.php?rest_route=\/wp\/v2\/pages\/12471"}],"wp:attachment":[{"href":"https:\/\/www.planet27.eu\/index.php?rest_route=%2Fwp%2Fv2%2Fmedia&parent=12464"}],"curies":[{"name":"wp","href":"https:\/\/api.w.org\/{rel}","templated":true}]}}