{"id":12923,"date":"2024-12-26T21:02:54","date_gmt":"2024-12-26T18:02:54","guid":{"rendered":"https:\/\/planet27.eu\/?page_id=12923"},"modified":"2024-12-26T21:25:14","modified_gmt":"2024-12-26T18:25:14","slug":"avasta-end","status":"publish","type":"page","link":"https:\/\/www.planet27.eu\/?page_id=12923&lang=et","title":{"rendered":"&#8220;Avasta end&#8221;"},"content":{"rendered":"\t\t<div data-elementor-type=\"wp-page\" data-elementor-id=\"12923\" class=\"elementor elementor-12923\">\n\t\t\t\t\t\t<section class=\"elementor-section elementor-top-section elementor-element elementor-element-3adc7c8 elementor-section-boxed elementor-section-height-default elementor-section-height-default\" data-id=\"3adc7c8\" data-element_type=\"section\">\n\t\t\t\t\t\t<div class=\"elementor-container elementor-column-gap-default\">\n\t\t\t\t\t<div class=\"elementor-column elementor-col-100 elementor-top-column elementor-element elementor-element-4acb943\" data-id=\"4acb943\" data-element_type=\"column\">\n\t\t\t<div class=\"elementor-widget-wrap elementor-element-populated\">\n\t\t\t\t\t\t<div class=\"elementor-element elementor-element-267b2f2 elementor-widget elementor-widget-text-editor\" data-id=\"267b2f2\" data-element_type=\"widget\" data-widget_type=\"text-editor.default\">\n\t\t\t\t<div class=\"elementor-widget-container\">\n\t\t\t\t\t\t\t\t\t<p>&#8220;Avasta end&#8221; \u2013 projekt, mis oli suunatud noorte oluliste oskuste arendamisele, et kohaneda ja siseneda t\u00e4iskasvanuellu.<\/p>\n<p>Meie programm oli loodud selleks, et arendada suhtlemisoskusi, kohanemist muutustega, digitaalse infotehnoloogia kasutamist, loovat m\u00f5tlemist ja eneseesitlust. Projekti raames tutvustati nende p\u00f5hioskuste arendamiseks mitteametlikke meetodeid, et neid integreerida noorte akadeemiliste teadmiste omandamise protsessi. Dialoogis \u00f5petajatega m\u00f5istsime, et selliseid meetodeid saavad edukalt kasutada nii kooli\u00f5petajad kui ka formaalse ja mitteformaalse hariduse asutused. P\u00fc\u00fcdsime n\u00e4idata noortele, et oluliste oskuste arendamisega v\u00f5ivad nad tulevikus saada aktiivsemateks, n\u00f5utavamateks spetsialistideks ja parandada oma elukvaliteeti, astudes juba praegu v\u00e4ikesi samme isiklikus arengus.<\/p>\n<p><\/p>\n<p>Meie projekt p\u00f5hines partnerlusel Narva T\u00e4iskasvanute Kooliga ja mittetulundusliku \u00f5ppemise keskusega Vitatiim (Narva).<\/p>\n<p>Meie projekti eesm\u00e4rkideks ja ootusteks olid:<\/p>\n<ul>\n<li>Luua toetav keskkond noorte arenguks.<\/li>\n<li>T\u00f5sta projekti osalejate enesekindlust ja eneseteadvust.<\/li>\n<li>Tugevdada osalejate sisemist toetust, mis on vajalik edukaks eneseteostuseks ja kohanemiseks maailmas.<\/li>\n<li>Arendada osalejatel suhtlusoskusi, loovat m\u00f5tlemist, keerukate \u00fclesannete lahendamist, digitaalsete infotehnoloogiate kasutamist ja eneseesitlust.<\/li>\n<li>M\u00f5ista osalejate enda v\u00e4\u00e4rtusi, motivatsioone ja eesm\u00e4rke.<\/li>\n<li>Toetada noorte sotsialiseerumist ja sotsiaalset aktiivsust ning nende integratsiooni \u00fchiskonda.<\/li>\n<li>Hoida partnerlust formaalhariduse organisatsioonidega pikaajalise m\u00f5ju ja v\u00e4ljat\u00f6\u00f6tatud l\u00e4henemiste levitamise eesm\u00e4rgil.<\/li>\n<\/ul>\n<p>Meie arvates oleme k\u00f5ik seatud eesm\u00e4rgid edukalt saavutanud.<\/p>\n<p>Muidugi on keeruline r\u00e4\u00e4kida iga projekti osaleja tulemustest, kuna projekti tegevused olid grupilised. Kuid osalejate endi tagasiside annab meile \u00f5iguse v\u00e4ita, et enamik noori suutis praktiseerida ja parandada neid oskusi, millest me nendega projekti raames r\u00e4\u00e4kisime. Suur osa tagasisidek\u00fcsitlusele vastanud m\u00e4rkisid oskuste parandamist j\u00e4rgmistes valdkondades:<\/p>\n<p><\/p>\n<p>&#8211; suhtlemine inimestega,<\/p>\n<p>&#8211; esinemine publiku ees,<\/p>\n<p>&#8211; grupit\u00f6\u00f6,<\/p>\n<p>&#8211; mitteverbaalne suhtlemine,<\/p>\n<p>&#8211; loovate ja loominguliste \u00fclesannete t\u00e4itmine,<\/p>\n<p>&#8211; uute ideede loomine\/arendamine.<\/p>\n<p>M\u00f5ned noored t\u00f5id v\u00e4lja ka kasu t\u00f6\u00f6tamisest graafilises redaktoris, kasutades tehisintellekti.<\/p>\n<p>Viited m\u00f5nedele projekti publikatsioonidele:<\/p>\t\t\t\t\t\t\t\t<\/div>\n\t\t\t\t<\/div>\n\t\t\t\t<div class=\"elementor-element elementor-element-6299846 elementor-widget elementor-widget-button\" data-id=\"6299846\" data-element_type=\"widget\" data-widget_type=\"button.default\">\n\t\t\t\t<div class=\"elementor-widget-container\">\n\t\t\t\t\t\t\t\t\t<div class=\"elementor-button-wrapper\">\n\t\t\t\t\t<a class=\"elementor-button elementor-button-link elementor-size-sm\" href=\"https:\/\/www.facebook.com\/permalink.php?story_fbid=pfbid04jCVoCB4sA1r84jWEyuRq4D1osoRDWGCJAo5csHBaF4fdAdfSprSe134WinLEtNql&#038;id=100009969362886\">\n\t\t\t\t\t\t<span class=\"elementor-button-content-wrapper\">\n\t\t\t\t\t\t\t\t\t<span class=\"elementor-button-text\">Link 1<\/span>\n\t\t\t\t\t<\/span>\n\t\t\t\t\t<\/a>\n\t\t\t\t<\/div>\n\t\t\t\t\t\t\t\t<\/div>\n\t\t\t\t<\/div>\n\t\t\t\t<div class=\"elementor-element elementor-element-472cdd4 elementor-widget elementor-widget-button\" data-id=\"472cdd4\" data-element_type=\"widget\" data-widget_type=\"button.default\">\n\t\t\t\t<div class=\"elementor-widget-container\">\n\t\t\t\t\t\t\t\t\t<div class=\"elementor-button-wrapper\">\n\t\t\t\t\t<a class=\"elementor-button elementor-button-link elementor-size-sm\" href=\"https:\/\/www.facebook.com\/olga.volkova.5815\/posts\/pfbid023YiuJu4DM19f6UbLHfTkWqdS5NPERHhKS7pwAbv4M6k6ZJgmYmp4f9BtyVJtLDfrl\">\n\t\t\t\t\t\t<span class=\"elementor-button-content-wrapper\">\n\t\t\t\t\t\t\t\t\t<span class=\"elementor-button-text\">Link 2<\/span>\n\t\t\t\t\t<\/span>\n\t\t\t\t\t<\/a>\n\t\t\t\t<\/div>\n\t\t\t\t\t\t\t\t<\/div>\n\t\t\t\t<\/div>\n\t\t\t\t<div class=\"elementor-element elementor-element-6494d66 elementor-widget elementor-widget-button\" data-id=\"6494d66\" data-element_type=\"widget\" data-widget_type=\"button.default\">\n\t\t\t\t<div class=\"elementor-widget-container\">\n\t\t\t\t\t\t\t\t\t<div class=\"elementor-button-wrapper\">\n\t\t\t\t\t<a class=\"elementor-button elementor-button-link elementor-size-sm\" href=\"https:\/\/www.facebook.com\/olga.volkova.5815\/posts\/pfbid0Sy5a6uMBqYaBZhSarNHUKJ7AbJVhhcrxcwrF7vJFFwRUbd26eQukXjGw2BX1kyLbl\">\n\t\t\t\t\t\t<span class=\"elementor-button-content-wrapper\">\n\t\t\t\t\t\t\t\t\t<span class=\"elementor-button-text\">Link 3<\/span>\n\t\t\t\t\t<\/span>\n\t\t\t\t\t<\/a>\n\t\t\t\t<\/div>\n\t\t\t\t\t\t\t\t<\/div>\n\t\t\t\t<\/div>\n\t\t\t\t<div class=\"elementor-element elementor-element-625b064 elementor-widget elementor-widget-button\" data-id=\"625b064\" data-element_type=\"widget\" data-widget_type=\"button.default\">\n\t\t\t\t<div class=\"elementor-widget-container\">\n\t\t\t\t\t\t\t\t\t<div class=\"elementor-button-wrapper\">\n\t\t\t\t\t<a class=\"elementor-button elementor-button-link elementor-size-sm\" href=\"https:\/\/www.facebook.com\/permalink.php?story_fbid=pfbid0z1Wy25ugwJokq6S6wwK8LK82huXeoh7PpttQSXk57tt7s3PSgUA6NPfMfSDPE65Dl&#038;id=100004964286444\">\n\t\t\t\t\t\t<span class=\"elementor-button-content-wrapper\">\n\t\t\t\t\t\t\t\t\t<span class=\"elementor-button-text\">Link 4<\/span>\n\t\t\t\t\t<\/span>\n\t\t\t\t\t<\/a>\n\t\t\t\t<\/div>\n\t\t\t\t\t\t\t\t<\/div>\n\t\t\t\t<\/div>\n\t\t\t\t\t<\/div>\n\t\t<\/div>\n\t\t\t\t\t<\/div>\n\t\t<\/section>\n\t\t\t\t<\/div>\n\t\t","protected":false},"excerpt":{"rendered":"<p>&#8220;Avasta end&#8221; \u2013 projekt, mis oli suunatud noorte oluliste oskuste arendamisele, et kohaneda ja siseneda t\u00e4iskasvanuellu. Meie programm oli loodud selleks, et arendada suhtlemisoskusi, kohanemist muutustega, digitaalse infotehnoloogia kasutamist, loovat m\u00f5tlemist ja eneseesitlust. Projekti raames tutvustati nende p\u00f5hioskuste arendamiseks mitteametlikke meetodeid, et neid integreerida noorte akadeemiliste teadmiste omandamise protsessi. Dialoogis \u00f5petajatega m\u00f5istsime, et selliseid meetodeid&#8230;<\/p>\n","protected":false},"author":1,"featured_media":0,"parent":45,"menu_order":0,"comment_status":"closed","ping_status":"closed","template":"","meta":{"ngg_post_thumbnail":0,"footnotes":""},"_links":{"self":[{"href":"https:\/\/www.planet27.eu\/index.php?rest_route=\/wp\/v2\/pages\/12923"}],"collection":[{"href":"https:\/\/www.planet27.eu\/index.php?rest_route=\/wp\/v2\/pages"}],"about":[{"href":"https:\/\/www.planet27.eu\/index.php?rest_route=\/wp\/v2\/types\/page"}],"author":[{"embeddable":true,"href":"https:\/\/www.planet27.eu\/index.php?rest_route=\/wp\/v2\/users\/1"}],"replies":[{"embeddable":true,"href":"https:\/\/www.planet27.eu\/index.php?rest_route=%2Fwp%2Fv2%2Fcomments&post=12923"}],"version-history":[{"count":5,"href":"https:\/\/www.planet27.eu\/index.php?rest_route=\/wp\/v2\/pages\/12923\/revisions"}],"predecessor-version":[{"id":12986,"href":"https:\/\/www.planet27.eu\/index.php?rest_route=\/wp\/v2\/pages\/12923\/revisions\/12986"}],"up":[{"embeddable":true,"href":"https:\/\/www.planet27.eu\/index.php?rest_route=\/wp\/v2\/pages\/45"}],"wp:attachment":[{"href":"https:\/\/www.planet27.eu\/index.php?rest_route=%2Fwp%2Fv2%2Fmedia&parent=12923"}],"curies":[{"name":"wp","href":"https:\/\/api.w.org\/{rel}","templated":true}]}}