{"id":161,"date":"2016-08-03T06:06:57","date_gmt":"2016-08-03T06:06:57","guid":{"rendered":"http:\/\/planet27.eu\/?page_id=161"},"modified":"2024-07-13T14:29:02","modified_gmt":"2024-07-13T11:29:02","slug":"erinev-vaatenurk","status":"publish","type":"page","link":"https:\/\/www.planet27.eu\/?page_id=161&lang=et","title":{"rendered":"Erinev Vaatenurk"},"content":{"rendered":"\t\t<div data-elementor-type=\"wp-page\" data-elementor-id=\"161\" class=\"elementor elementor-161\">\n\t\t\t\t\t\t<section class=\"elementor-section elementor-top-section elementor-element elementor-element-4fda530b elementor-section-boxed elementor-section-height-default elementor-section-height-default\" data-id=\"4fda530b\" data-element_type=\"section\">\n\t\t\t\t\t\t<div class=\"elementor-container elementor-column-gap-default\">\n\t\t\t\t\t<div class=\"elementor-column elementor-col-100 elementor-top-column elementor-element elementor-element-76a21bc9\" data-id=\"76a21bc9\" data-element_type=\"column\">\n\t\t\t<div class=\"elementor-widget-wrap elementor-element-populated\">\n\t\t\t\t\t\t<div class=\"elementor-element elementor-element-3d42f661 elementor-widget elementor-widget-text-editor\" data-id=\"3d42f661\" data-element_type=\"widget\" data-widget_type=\"text-editor.default\">\n\t\t\t\t<div class=\"elementor-widget-container\">\n\t\t\t\t\t\t\t\t\t<p>\u00a0<\/p><p><span style=\"font-size: 1em;\">Pro<\/span><span style=\"font-size: 1em;\">jekt on finanserib\u00a0Erasmus+<\/span><\/p><p>Antu<span style=\"font-size: 1em;\">d projekt on projekti Erasmus+ Change your attitude (<\/span><span style=\"font-size: 1em;\">Ungari, 2016.a) j\u00e4tk. <\/span>Projekt oli suunatud erivajadustega noorte motiveerimisele aktiivsele sotsiaalsele tegevusele, suurendada nende sihikindlust ja levitada projekti ideid oma riigis.<\/p><p>Projekti osalejad Narvast ergutasid ideele l\u00e4bi viia sarnast projekti Eestis. Nad korraldasid initsiatiivr\u00fchma ning alustasid projekti ettevalmistust. Nende projektist v\u00f5tavad osa ka noored inimesed.<\/p><p>Meie projekt\u00a0 p\u00f5hineb kahel tasemel: projekti osalejate isikliku arengu tase ja v\u00f5imuga koost\u00f6\u00f6 tase. Meie projekti eesm\u00e4rgiks on m\u00f5juda piiratud v\u00f5imalustega noorte v\u00f5tmep\u00e4devuste tasemele, mis v\u00f5iks omakorda t\u00f5sta nende \u0161ansse t\u00f6\u00f6koha saamiseks. See ongi esimene tase, mis kajastab projekti hariduseesm\u00e4rke. Vajalike p\u00e4devuste puudumine teeb noored inimesed mittekonkurentsiv\u00f5imelisteks t\u00f6\u00f6turul. Projekti k\u00e4igus saadud teadmiste alusel tahame toetada osalejaid korraldama edaspidi oma tegevust, mis oleks seotud erivajadustega inimeste \u00fchiskonda integreerimisega. Meie projekti sotsiaalseks eesm\u00e4rgiks on noorte inimeste ja seadusandliku v\u00f5imu, riigistruktuuri ja kohalike omavalitsuste koost\u00f6\u00f6 arendamine ning \u00fchiste konkreetsete lahenduste v\u00e4ljat\u00f6\u00f6tamine k\u00e4sitletavate selles projektis probleemide lahendamiseks.<\/p><p>Kaasame projekti nii erinevate noorte r\u00fchmade esindajaid\u00a0 kui ka inimesi, kes t\u00f6\u00f6tavad riigiasutustes. Samuti projektis hakkavad osalema riigi- ja seadusandliku v\u00f5imu tegutsevad esindajad. P\u00f5his\u00fcndmus projekti raames on \u00f5ppefoorum, mis toimub 6 p\u00e4eva jooksul veebruaris 2017. \u00d5ppefoorum toimub mittefoormaalse \u00f5ppe ja v\u00f5imuesindajatega diskussiooni formaadis. R\u00fchm 30st osalejast koosneb nii piiratud v\u00f5imalustega (sh. puuetega) noortest kui ka ilma.<\/p><p><a href=\"http:\/\/planet27.eu\/index.php\/et\/media\/erinev-vaatenurk\/\">Lisa info klicki siia<\/a><\/p>\t\t\t\t\t\t\t\t<\/div>\n\t\t\t\t<\/div>\n\t\t\t\t\t<\/div>\n\t\t<\/div>\n\t\t\t\t\t<\/div>\n\t\t<\/section>\n\t\t\t\t<\/div>\n\t\t","protected":false},"excerpt":{"rendered":"<p>\u00a0 Projekt on finanserib\u00a0Erasmus+ Antud projekt on projekti Erasmus+ Change your attitude (Ungari, 2016.a) j\u00e4tk. Projekt oli suunatud erivajadustega noorte motiveerimisele aktiivsele sotsiaalsele tegevusele, suurendada nende sihikindlust ja levitada projekti ideid oma riigis. Projekti osalejad Narvast ergutasid ideele l\u00e4bi viia sarnast projekti Eestis. Nad korraldasid initsiatiivr\u00fchma ning alustasid projekti ettevalmistust. Nende projektist v\u00f5tavad osa ka&#8230;<\/p>\n","protected":false},"author":1,"featured_media":600,"parent":12471,"menu_order":5,"comment_status":"closed","ping_status":"closed","template":"","meta":{"ngg_post_thumbnail":0,"footnotes":""},"_links":{"self":[{"href":"https:\/\/www.planet27.eu\/index.php?rest_route=\/wp\/v2\/pages\/161"}],"collection":[{"href":"https:\/\/www.planet27.eu\/index.php?rest_route=\/wp\/v2\/pages"}],"about":[{"href":"https:\/\/www.planet27.eu\/index.php?rest_route=\/wp\/v2\/types\/page"}],"author":[{"embeddable":true,"href":"https:\/\/www.planet27.eu\/index.php?rest_route=\/wp\/v2\/users\/1"}],"replies":[{"embeddable":true,"href":"https:\/\/www.planet27.eu\/index.php?rest_route=%2Fwp%2Fv2%2Fcomments&post=161"}],"version-history":[{"count":5,"href":"https:\/\/www.planet27.eu\/index.php?rest_route=\/wp\/v2\/pages\/161\/revisions"}],"predecessor-version":[{"id":12818,"href":"https:\/\/www.planet27.eu\/index.php?rest_route=\/wp\/v2\/pages\/161\/revisions\/12818"}],"up":[{"embeddable":true,"href":"https:\/\/www.planet27.eu\/index.php?rest_route=\/wp\/v2\/pages\/12471"}],"wp:featuredmedia":[{"embeddable":true,"href":"https:\/\/www.planet27.eu\/index.php?rest_route=\/wp\/v2\/media\/600"}],"wp:attachment":[{"href":"https:\/\/www.planet27.eu\/index.php?rest_route=%2Fwp%2Fv2%2Fmedia&parent=161"}],"curies":[{"name":"wp","href":"https:\/\/api.w.org\/{rel}","templated":true}]}}