{"id":248,"date":"2016-08-10T06:10:14","date_gmt":"2016-08-10T06:10:14","guid":{"rendered":"http:\/\/planet27.eu\/?page_id=248"},"modified":"2024-07-13T13:36:33","modified_gmt":"2024-07-13T10:36:33","slug":"liiklus-ohutus","status":"publish","type":"page","link":"https:\/\/www.planet27.eu\/?page_id=248&lang=et","title":{"rendered":"Liiklus Ohutus"},"content":{"rendered":"\t\t<div data-elementor-type=\"wp-page\" data-elementor-id=\"248\" class=\"elementor elementor-248\">\n\t\t\t\t\t\t<section class=\"elementor-section elementor-top-section elementor-element elementor-element-2c2c8386 elementor-section-boxed elementor-section-height-default elementor-section-height-default\" data-id=\"2c2c8386\" data-element_type=\"section\">\n\t\t\t\t\t\t<div class=\"elementor-container elementor-column-gap-default\">\n\t\t\t\t\t<div class=\"elementor-column elementor-col-100 elementor-top-column elementor-element elementor-element-55381106\" data-id=\"55381106\" data-element_type=\"column\">\n\t\t\t<div class=\"elementor-widget-wrap elementor-element-populated\">\n\t\t\t\t\t\t<div class=\"elementor-element elementor-element-8c9021f elementor-widget elementor-widget-text-editor\" data-id=\"8c9021f\" data-element_type=\"widget\" data-widget_type=\"text-editor.default\">\n\t\t\t\t<div class=\"elementor-widget-container\">\n\t\t\t\t\t\t\t\t\t<p>Meie Media Projekt: Liiklus Ohutus. 2016<\/p><p><span style=\"color: #000000; font-family: lato, lato, 'helvetica neue', helvetica, arial, sans-serif;\">Alustasime selle projektiga soovida juhtida t\u00e4helepanu hooletu k\u00e4itumisega teedel jalak\u00e4ijate seas, eriti noorte puhul. Samuti tahame motiveerida autojuhte olema ettevaatlikud teedel. K\u00f5ik meie teemad on kokku lepitud Narva mnt politsei b\u00fcroos. Liikluspolitseinikud on pakkunud meile abi. T\u00e4nu Alexander Urb\u2019ile ja nende toetusele.\u00a0 Tema positiivse hinnangu projektile- meid toetada ja teadlikkust teemast. Projektis osalevad vabatahtlikud. T\u00f6\u00f6 projekti peal pole veel l\u00f5petatud. Media sektsioonis te saate vaadata need videot.<\/span><\/p><p><iframe title=\"Liiklus Ohutus - Parkla-Olev ja Anna\" width=\"640\" height=\"360\" src=\"https:\/\/www.youtube.com\/embed\/EbXJz-UedEw?feature=oembed\" frameborder=\"0\" allow=\"accelerometer; autoplay; clipboard-write; encrypted-media; gyroscope; picture-in-picture; web-share\" referrerpolicy=\"strict-origin-when-cross-origin\" allowfullscreen><\/iframe><\/p><p><iframe title=\"Liiklus Ohutus - Mobiil ja Nutitelefon-Eva Ja Polina short\" width=\"640\" height=\"360\" src=\"https:\/\/www.youtube.com\/embed\/adicpzU-C9g?feature=oembed\" frameborder=\"0\" allow=\"accelerometer; autoplay; clipboard-write; encrypted-media; gyroscope; picture-in-picture; web-share\" referrerpolicy=\"strict-origin-when-cross-origin\" allowfullscreen><\/iframe><\/p><p><iframe title=\"Liiklus Ohutus - Jalak\u00e4ija -Vladimir_ Pimemees\" width=\"640\" height=\"360\" src=\"https:\/\/www.youtube.com\/embed\/eikN57ukzao?feature=oembed\" frameborder=\"0\" allow=\"accelerometer; autoplay; clipboard-write; encrypted-media; gyroscope; picture-in-picture; web-share\" referrerpolicy=\"strict-origin-when-cross-origin\" allowfullscreen><\/iframe><\/p><p><iframe title=\"Liiklus Ohutus - K\u00f5rvaklappid ja CD -Eva Ja Marina\" width=\"640\" height=\"360\" src=\"https:\/\/www.youtube.com\/embed\/MP735znBCDA?feature=oembed\" frameborder=\"0\" allow=\"accelerometer; autoplay; clipboard-write; encrypted-media; gyroscope; picture-in-picture; web-share\" referrerpolicy=\"strict-origin-when-cross-origin\" allowfullscreen><\/iframe><\/p>\t\t\t\t\t\t\t\t<\/div>\n\t\t\t\t<\/div>\n\t\t\t\t\t<\/div>\n\t\t<\/div>\n\t\t\t\t\t<\/div>\n\t\t<\/section>\n\t\t\t\t<\/div>\n\t\t","protected":false},"excerpt":{"rendered":"<p>Meie Media Projekt: Liiklus Ohutus. 2016 Alustasime selle projektiga soovida juhtida t\u00e4helepanu hooletu k\u00e4itumisega teedel jalak\u00e4ijate seas, eriti noorte puhul. Samuti tahame motiveerida autojuhte olema ettevaatlikud teedel. K\u00f5ik meie teemad on kokku lepitud Narva mnt politsei b\u00fcroos. Liikluspolitseinikud on pakkunud meile abi. T\u00e4nu Alexander Urb\u2019ile ja nende toetusele.\u00a0 Tema positiivse hinnangu projektile- meid toetada ja&#8230;<\/p>\n","protected":false},"author":1,"featured_media":0,"parent":89,"menu_order":0,"comment_status":"closed","ping_status":"closed","template":"","meta":{"ngg_post_thumbnail":0,"footnotes":""},"_links":{"self":[{"href":"https:\/\/www.planet27.eu\/index.php?rest_route=\/wp\/v2\/pages\/248"}],"collection":[{"href":"https:\/\/www.planet27.eu\/index.php?rest_route=\/wp\/v2\/pages"}],"about":[{"href":"https:\/\/www.planet27.eu\/index.php?rest_route=\/wp\/v2\/types\/page"}],"author":[{"embeddable":true,"href":"https:\/\/www.planet27.eu\/index.php?rest_route=\/wp\/v2\/users\/1"}],"replies":[{"embeddable":true,"href":"https:\/\/www.planet27.eu\/index.php?rest_route=%2Fwp%2Fv2%2Fcomments&post=248"}],"version-history":[{"count":5,"href":"https:\/\/www.planet27.eu\/index.php?rest_route=\/wp\/v2\/pages\/248\/revisions"}],"predecessor-version":[{"id":12745,"href":"https:\/\/www.planet27.eu\/index.php?rest_route=\/wp\/v2\/pages\/248\/revisions\/12745"}],"up":[{"embeddable":true,"href":"https:\/\/www.planet27.eu\/index.php?rest_route=\/wp\/v2\/pages\/89"}],"wp:attachment":[{"href":"https:\/\/www.planet27.eu\/index.php?rest_route=%2Fwp%2Fv2%2Fmedia&parent=248"}],"curies":[{"name":"wp","href":"https:\/\/api.w.org\/{rel}","templated":true}]}}