{"id":409,"date":"2016-12-12T20:55:46","date_gmt":"2016-12-12T20:55:46","guid":{"rendered":"http:\/\/planet27.eu\/?page_id=409"},"modified":"2024-07-13T00:35:05","modified_gmt":"2024-07-12T21:35:05","slug":"patru","status":"publish","type":"page","link":"https:\/\/www.planet27.eu\/?page_id=409&lang=ru","title":{"rendered":"\u041f\u0430\u0440\u0442\u043d\u0451\u0440\u044b"},"content":{"rendered":"\t\t<div data-elementor-type=\"wp-page\" data-elementor-id=\"409\" class=\"elementor elementor-409\">\n\t\t\t\t\t\t<section class=\"elementor-section elementor-top-section elementor-element elementor-element-2b0ac45d elementor-section-boxed elementor-section-height-default elementor-section-height-default\" data-id=\"2b0ac45d\" data-element_type=\"section\">\n\t\t\t\t\t\t<div class=\"elementor-container elementor-column-gap-default\">\n\t\t\t\t\t<div class=\"elementor-column elementor-col-100 elementor-top-column elementor-element elementor-element-294edde8\" data-id=\"294edde8\" data-element_type=\"column\">\n\t\t\t<div class=\"elementor-widget-wrap elementor-element-populated\">\n\t\t\t\t\t\t<div class=\"elementor-element elementor-element-3af016f elementor-widget elementor-widget-text-editor\" data-id=\"3af016f\" data-element_type=\"widget\" data-widget_type=\"text-editor.default\">\n\t\t\t\t<div class=\"elementor-widget-container\">\n\t\t\t\t\t\t\t\t\t\t\t\t\t\t\t\t\t<\/div>\n\t\t\t\t<\/div>\n\t\t\t\t\t<\/div>\n\t\t<\/div>\n\t\t\t\t\t<\/div>\n\t\t<\/section>\n\t\t\t\t<section class=\"elementor-section elementor-top-section elementor-element elementor-element-01554ac elementor-section-boxed elementor-section-height-default elementor-section-height-default\" data-id=\"01554ac\" data-element_type=\"section\">\n\t\t\t\t\t\t<div class=\"elementor-container elementor-column-gap-default\">\n\t\t\t\t\t<div class=\"elementor-column elementor-col-100 elementor-top-column elementor-element elementor-element-d8ba5f0\" data-id=\"d8ba5f0\" data-element_type=\"column\">\n\t\t\t<div class=\"elementor-widget-wrap elementor-element-populated\">\n\t\t\t\t\t\t<div class=\"elementor-element elementor-element-5432be6 elementor-widget elementor-widget-text-editor\" data-id=\"5432be6\" data-element_type=\"widget\" data-widget_type=\"text-editor.default\">\n\t\t\t\t<div class=\"elementor-widget-container\">\n\t\t\t\t\t\t\t\t\t<div class=\"__fb-light-mode om3e55n1\" role=\"row\">\n<div class=\"\">\n<div class=\"alzwoclg cqf1kptm om3e55n1\" tabindex=\"-1\" role=\"gridcell\" data-scope=\"messages_table\" data-release-focus-from=\"CLICK\">\n<div class=\"alzwoclg\" role=\"none\">\n<div class=\"alzwoclg cgu29s5g i15ihif8 aeinzg81\" role=\"none\" data-testid=\"message-container\">\n<div class=\"k88nbmki alzwoclg cqf1kptm adechonz siu44isn lg77cbj3 gv6qu0l5\" role=\"none\">\n<div class=\"alzwoclg mfclru0v\" role=\"none\">\n<div class=\"hael596l alzwoclg cqf1kptm gvxzyvdx om3e55n1\">\n<div class=\"alzwoclg mfclru0v\" role=\"none\">\n<div class=\"q46jt4gp aesu6q9g r5g9zsuq e4ay1f3w om3e55n1 lq84ybu9 hf30pyar jao8r537 pdqhzjwd l4uc2m3f t7p7dqev qsbzbi57 subw1o1z b0ur3jhr dl2p71xr gffp4m6x\" role=\"none\" data-testid=\"solid-message-bubble\">\n<h4 class=\"bdao358l om3e55n1 g4tp4svg __fb-light-mode\" role=\"none\"><strong>Narva Vanalinna riigikool<\/strong><\/h4>\n<\/div>\n<\/div>\n<\/div>\n<\/div>\n<\/div>\n<\/div>\n<\/div>\n<\/div>\n<\/div>\n<\/div>\n<div class=\"\">\n<div class=\"alzwoclg cqf1kptm om3e55n1\" tabindex=\"-1\" role=\"gridcell\" data-scope=\"messages_table\" data-release-focus-from=\"CLICK\">\n<div class=\"alzwoclg\" role=\"none\">\n<div class=\"alzwoclg cgu29s5g i15ihif8 aeinzg81\" role=\"none\" data-testid=\"message-container\">\n<div class=\"k88nbmki alzwoclg cqf1kptm adechonz siu44isn lg77cbj3 gv6qu0l5\" role=\"none\">\n<div class=\"alzwoclg mfclru0v\" role=\"none\">\n<div class=\"hael596l alzwoclg cqf1kptm gvxzyvdx om3e55n1\">\n<div class=\"alzwoclg mfclru0v\" role=\"none\">\n<div class=\"k88nbmki alzwoclg cqf1kptm adechonz siu44isn gvxzyvdx cgu29s5g lg77cbj3\" role=\"none\">\n<h4><strong>Narva keskraamatukogu<\/strong><\/h4>\n<h4><strong>Lasteaed Sipsik<\/strong><\/h4>\n<h4><strong>Narva-J\u00f5esuu Noortekeskus<\/strong><\/h4>\n<h4><strong>Narva P\u00e4hklim\u00e4e G\u00fcmnaasium<\/strong><\/h4>\n<h4><strong>Narva T\u00e4iskasvanute kool<\/strong><\/h4>\n<\/div>\n<\/div>\n<\/div>\n<\/div>\n<\/div>\n<\/div>\n<\/div>\n<\/div>\n<\/div>\t\t\t\t\t\t\t\t<\/div>\n\t\t\t\t<\/div>\n\t\t\t\t\t<\/div>\n\t\t<\/div>\n\t\t\t\t\t<\/div>\n\t\t<\/section>\n\t\t\t\t<\/div>\n\t\t","protected":false},"excerpt":{"rendered":"<p>Narva Vanalinna riigikool Narva keskraamatukogu Lasteaed Sipsik Narva-J\u00f5esuu Noortekeskus Narva P\u00e4hklim\u00e4e G\u00fcmnaasium Narva T\u00e4iskasvanute kool<\/p>\n","protected":false},"author":1,"featured_media":0,"parent":11815,"menu_order":6,"comment_status":"closed","ping_status":"closed","template":"","meta":{"ngg_post_thumbnail":0,"footnotes":""},"_links":{"self":[{"href":"https:\/\/www.planet27.eu\/index.php?rest_route=\/wp\/v2\/pages\/409"}],"collection":[{"href":"https:\/\/www.planet27.eu\/index.php?rest_route=\/wp\/v2\/pages"}],"about":[{"href":"https:\/\/www.planet27.eu\/index.php?rest_route=\/wp\/v2\/types\/page"}],"author":[{"embeddable":true,"href":"https:\/\/www.planet27.eu\/index.php?rest_route=\/wp\/v2\/users\/1"}],"replies":[{"embeddable":true,"href":"https:\/\/www.planet27.eu\/index.php?rest_route=%2Fwp%2Fv2%2Fcomments&post=409"}],"version-history":[{"count":5,"href":"https:\/\/www.planet27.eu\/index.php?rest_route=\/wp\/v2\/pages\/409\/revisions"}],"predecessor-version":[{"id":12545,"href":"https:\/\/www.planet27.eu\/index.php?rest_route=\/wp\/v2\/pages\/409\/revisions\/12545"}],"up":[{"embeddable":true,"href":"https:\/\/www.planet27.eu\/index.php?rest_route=\/wp\/v2\/pages\/11815"}],"wp:attachment":[{"href":"https:\/\/www.planet27.eu\/index.php?rest_route=%2Fwp%2Fv2%2Fmedia&parent=409"}],"curies":[{"name":"wp","href":"https:\/\/api.w.org\/{rel}","templated":true}]}}