{"id":412,"date":"2016-12-12T20:56:21","date_gmt":"2016-12-12T20:56:21","guid":{"rendered":"http:\/\/planet27.eu\/?page_id=412"},"modified":"2024-07-13T10:19:23","modified_gmt":"2024-07-13T07:19:23","slug":"partners-2","status":"publish","type":"page","link":"https:\/\/www.planet27.eu\/?page_id=412&lang=et","title":{"rendered":"Partnerid"},"content":{"rendered":"\t\t<div data-elementor-type=\"wp-page\" data-elementor-id=\"412\" class=\"elementor elementor-412\">\n\t\t\t\t\t\t<section class=\"elementor-section elementor-top-section elementor-element elementor-element-13efdb4b elementor-section-boxed elementor-section-height-default elementor-section-height-default\" data-id=\"13efdb4b\" data-element_type=\"section\">\n\t\t\t\t\t\t<div class=\"elementor-container elementor-column-gap-default\">\n\t\t\t\t\t<div class=\"elementor-column elementor-col-100 elementor-top-column elementor-element elementor-element-2ed7a1b4\" data-id=\"2ed7a1b4\" data-element_type=\"column\">\n\t\t\t<div class=\"elementor-widget-wrap elementor-element-populated\">\n\t\t\t\t\t\t<div class=\"elementor-element elementor-element-6f7ea9b5 elementor-widget elementor-widget-text-editor\" data-id=\"6f7ea9b5\" data-element_type=\"widget\" data-widget_type=\"text-editor.default\">\n\t\t\t\t<div class=\"elementor-widget-container\">\n\t\t\t\t\t\t\t\t\t\t\t\t\t\t\t\t\t<\/div>\n\t\t\t\t<\/div>\n\t\t\t\t<section class=\"elementor-section elementor-inner-section elementor-element elementor-element-3af0cf8 elementor-section-boxed elementor-section-height-default elementor-section-height-default\" data-id=\"3af0cf8\" data-element_type=\"section\">\n\t\t\t\t\t\t<div class=\"elementor-container elementor-column-gap-default\">\n\t\t\t\t\t<div class=\"elementor-column elementor-col-50 elementor-inner-column elementor-element elementor-element-7b1765c\" data-id=\"7b1765c\" data-element_type=\"column\">\n\t\t\t<div class=\"elementor-widget-wrap elementor-element-populated\">\n\t\t\t\t\t\t<div class=\"elementor-element elementor-element-413e87c elementor-widget elementor-widget-text-editor\" data-id=\"413e87c\" data-element_type=\"widget\" data-widget_type=\"text-editor.default\">\n\t\t\t\t<div class=\"elementor-widget-container\">\n\t\t\t\t\t\t\t\t\t<div class=\"__fb-light-mode om3e55n1\" role=\"row\">\n<div class=\"\">\n<div class=\"alzwoclg cqf1kptm om3e55n1\" tabindex=\"-1\" role=\"gridcell\" data-scope=\"messages_table\" data-release-focus-from=\"CLICK\">\n<div class=\"alzwoclg\" role=\"none\">\n<div class=\"alzwoclg cgu29s5g i15ihif8 aeinzg81\" role=\"none\" data-testid=\"message-container\">\n<div class=\"k88nbmki alzwoclg cqf1kptm adechonz siu44isn lg77cbj3 gv6qu0l5\" role=\"none\">\n<div class=\"alzwoclg mfclru0v\" role=\"none\">\n<div class=\"hael596l alzwoclg cqf1kptm gvxzyvdx om3e55n1\">\n<div class=\"alzwoclg mfclru0v\" role=\"none\">\n<div class=\"q46jt4gp aesu6q9g r5g9zsuq e4ay1f3w om3e55n1 lq84ybu9 hf30pyar jao8r537 pdqhzjwd l4uc2m3f t7p7dqev qsbzbi57 subw1o1z b0ur3jhr dl2p71xr gffp4m6x\" role=\"none\" data-testid=\"solid-message-bubble\">\n<h4 class=\"bdao358l om3e55n1 g4tp4svg __fb-light-mode\" role=\"none\"><strong>Narva Vanalinna riigikool<\/strong><\/h4>\n<\/div>\n<\/div>\n<\/div>\n<\/div>\n<\/div>\n<\/div>\n<\/div>\n<\/div>\n<\/div>\n<\/div>\n<div class=\"\">\n<div class=\"alzwoclg cqf1kptm om3e55n1\" tabindex=\"-1\" role=\"gridcell\" data-scope=\"messages_table\" data-release-focus-from=\"CLICK\">\n<div class=\"alzwoclg\" role=\"none\">\n<div class=\"alzwoclg cgu29s5g i15ihif8 aeinzg81\" role=\"none\" data-testid=\"message-container\">\n<div class=\"k88nbmki alzwoclg cqf1kptm adechonz siu44isn lg77cbj3 gv6qu0l5\" role=\"none\">\n<div class=\"alzwoclg mfclru0v\" role=\"none\">\n<div class=\"hael596l alzwoclg cqf1kptm gvxzyvdx om3e55n1\">\n<div class=\"alzwoclg mfclru0v\" role=\"none\">\n<div class=\"k88nbmki alzwoclg cqf1kptm adechonz siu44isn gvxzyvdx cgu29s5g lg77cbj3\" role=\"none\">\n<h4><strong>Narva keskraamatukogu<\/strong><\/h4>\n<h4><strong>Lasteaed Sipsik<\/strong><\/h4>\n<h4><strong>Narva-J\u00f5esuu Noortekeskus<\/strong><\/h4>\n<h4><strong>Narva P\u00e4hklim\u00e4e G\u00fcmnaasium<\/strong><\/h4>\n<h4><strong>Narva T\u00e4iskasvanute kool<\/strong><\/h4>\n<\/div>\n<\/div>\n<\/div>\n<\/div>\n<\/div>\n<\/div>\n<\/div>\n<\/div>\n<\/div>\t\t\t\t\t\t\t\t<\/div>\n\t\t\t\t<\/div>\n\t\t\t\t\t<\/div>\n\t\t<\/div>\n\t\t\t\t<div class=\"elementor-column elementor-col-50 elementor-inner-column elementor-element elementor-element-7cbd436\" data-id=\"7cbd436\" data-element_type=\"column\">\n\t\t\t<div class=\"elementor-widget-wrap\">\n\t\t\t\t\t\t\t<\/div>\n\t\t<\/div>\n\t\t\t\t\t<\/div>\n\t\t<\/section>\n\t\t\t\t\t<\/div>\n\t\t<\/div>\n\t\t\t\t\t<\/div>\n\t\t<\/section>\n\t\t\t\t<\/div>\n\t\t","protected":false},"excerpt":{"rendered":"<p>Narva Vanalinna riigikool Narva keskraamatukogu Lasteaed Sipsik Narva-J\u00f5esuu Noortekeskus Narva P\u00e4hklim\u00e4e G\u00fcmnaasium Narva T\u00e4iskasvanute kool<\/p>\n","protected":false},"author":1,"featured_media":0,"parent":11806,"menu_order":8,"comment_status":"closed","ping_status":"closed","template":"","meta":{"ngg_post_thumbnail":0,"footnotes":""},"_links":{"self":[{"href":"https:\/\/www.planet27.eu\/index.php?rest_route=\/wp\/v2\/pages\/412"}],"collection":[{"href":"https:\/\/www.planet27.eu\/index.php?rest_route=\/wp\/v2\/pages"}],"about":[{"href":"https:\/\/www.planet27.eu\/index.php?rest_route=\/wp\/v2\/types\/page"}],"author":[{"embeddable":true,"href":"https:\/\/www.planet27.eu\/index.php?rest_route=\/wp\/v2\/users\/1"}],"replies":[{"embeddable":true,"href":"https:\/\/www.planet27.eu\/index.php?rest_route=%2Fwp%2Fv2%2Fcomments&post=412"}],"version-history":[{"count":5,"href":"https:\/\/www.planet27.eu\/index.php?rest_route=\/wp\/v2\/pages\/412\/revisions"}],"predecessor-version":[{"id":12372,"href":"https:\/\/www.planet27.eu\/index.php?rest_route=\/wp\/v2\/pages\/412\/revisions\/12372"}],"up":[{"embeddable":true,"href":"https:\/\/www.planet27.eu\/index.php?rest_route=\/wp\/v2\/pages\/11806"}],"wp:attachment":[{"href":"https:\/\/www.planet27.eu\/index.php?rest_route=%2Fwp%2Fv2%2Fmedia&parent=412"}],"curies":[{"name":"wp","href":"https:\/\/api.w.org\/{rel}","templated":true}]}}