{"id":4594,"date":"2019-09-27T13:46:35","date_gmt":"2019-09-27T11:46:35","guid":{"rendered":"http:\/\/planet27.eu\/?page_id=4594"},"modified":"2024-07-12T20:39:37","modified_gmt":"2024-07-12T17:39:37","slug":"step-2-success-2","status":"publish","type":"page","link":"https:\/\/www.planet27.eu\/?page_id=4594&lang=et","title":{"rendered":"Step 2 Success"},"content":{"rendered":"\n<p>\n\n\u201cStep2Success\u201d on rahvusvaheline projekt noorsoovahetuse vormis, mis on suunatud noortele, kes soovivad arendada juhtimis- ja ettev\u00f5tlusoskusi, samuti neid, kes tahavad meeskonnat\u00f6\u00f6s kogemusi saada.<\/p>\n\n\n\n<p>\u201cStep2Success\u201d on projekt, milles osalevad Eesti, Leedu, Venemaa, Ukraina.\n\n<\/p>\n","protected":false},"excerpt":{"rendered":"<p>\u201cStep2Success\u201d on rahvusvaheline projekt noorsoovahetuse vormis, mis on suunatud noortele, kes soovivad arendada juhtimis- ja ettev\u00f5tlusoskusi, samuti neid, kes tahavad meeskonnat\u00f6\u00f6s kogemusi saada. \u201cStep2Success\u201d on projekt, milles osalevad Eesti, Leedu, Venemaa, Ukraina.<\/p>\n","protected":false},"author":1,"featured_media":4566,"parent":12471,"menu_order":4,"comment_status":"closed","ping_status":"closed","template":"","meta":{"ngg_post_thumbnail":0,"footnotes":""},"_links":{"self":[{"href":"https:\/\/www.planet27.eu\/index.php?rest_route=\/wp\/v2\/pages\/4594"}],"collection":[{"href":"https:\/\/www.planet27.eu\/index.php?rest_route=\/wp\/v2\/pages"}],"about":[{"href":"https:\/\/www.planet27.eu\/index.php?rest_route=\/wp\/v2\/types\/page"}],"author":[{"embeddable":true,"href":"https:\/\/www.planet27.eu\/index.php?rest_route=\/wp\/v2\/users\/1"}],"replies":[{"embeddable":true,"href":"https:\/\/www.planet27.eu\/index.php?rest_route=%2Fwp%2Fv2%2Fcomments&post=4594"}],"version-history":[{"count":1,"href":"https:\/\/www.planet27.eu\/index.php?rest_route=\/wp\/v2\/pages\/4594\/revisions"}],"predecessor-version":[{"id":4595,"href":"https:\/\/www.planet27.eu\/index.php?rest_route=\/wp\/v2\/pages\/4594\/revisions\/4595"}],"up":[{"embeddable":true,"href":"https:\/\/www.planet27.eu\/index.php?rest_route=\/wp\/v2\/pages\/12471"}],"wp:featuredmedia":[{"embeddable":true,"href":"https:\/\/www.planet27.eu\/index.php?rest_route=\/wp\/v2\/media\/4566"}],"wp:attachment":[{"href":"https:\/\/www.planet27.eu\/index.php?rest_route=%2Fwp%2Fv2%2Fmedia&parent=4594"}],"curies":[{"name":"wp","href":"https:\/\/api.w.org\/{rel}","templated":true}]}}